{"id":9850,"date":"2022-11-22T12:44:24","date_gmt":"2022-11-22T11:44:24","guid":{"rendered":"https:\/\/green-cult.com\/?post_type=product&#038;p=9850"},"modified":"2024-06-19T09:28:44","modified_gmt":"2024-06-19T07:28:44","slug":"tetrabase-6l-bag","status":"publish","type":"product","link":"https:\/\/green-cult.com\/de\/produkt\/tetrabase-6l-bag\/","title":{"rendered":"TetraBase 6L T\u00fcte"},"content":{"rendered":"<h3>Nachhaltiger als Erde!<\/h3>\n<p>TetraBase wurde speziell f\u00fcr die Tiefwasserkultur entwickelt und ist ein sauberes und wiederverwendbares Medium, das gro\u00dfen Pflanzen die n\u00f6tige Unterst\u00fctzung bietet.<\/p>\n<ul>\n<li>TetraBase beeinflusst den pH-Wert nicht<\/li>\n<li>TetraBase zieht keine Sch\u00e4dlinge an und f\u00f6rdert keine Bakterien<\/li>\n<li>TetraBase bringt keinen Staub oder R\u00fcckst\u00e4nde in dein System<\/li>\n<\/ul>\n<p><b>TetraBase wird in USA hergestellt mit <span style=\"color: #008000;\">100 % wiederverwerteten Materialien<\/span>, und ist <span style=\"color: #008000;\">zu 100% wiederverwenbar.<\/span>.<br \/>\n<\/b><b>Beginne noch heute damit, die Sauberkeit deiner Wachstumsumgebungen zu verbessern und gleichzeitig langfristig Kosten zu sparen!<\/b><\/p>","protected":false},"excerpt":{"rendered":"<p>More sustainable than soil! Designed specifically for Deep Water Culture, TetraBase is a clean and reusable media that delivers the support large plants require. TetraBase does not affect pH TetraBase does not attract pests or promote bacteria TetraBase does not introduce dust or debris to your system. TetraBase is made in USA with 100% recycled [&hellip;]<\/p>\n","protected":false},"featured_media":9976,"comment_status":"open","ping_status":"closed","template":"","meta":[],"product_cat":[60],"product_tag":[],"class_list":{"0":"post-9850","1":"product","2":"type-product","3":"status-publish","4":"has-post-thumbnail","6":"product_brand-hydramax","7":"product_cat-media","8":"product_shipping_class-standard-parcel","10":"first","11":"instock","12":"taxable","13":"shipping-taxable","14":"purchasable","15":"product-type-simple"},"_links":{"self":[{"href":"https:\/\/green-cult.com\/de\/wp-json\/wp\/v2\/product\/9850","targetHints":{"allow":["GET"]}}],"collection":[{"href":"https:\/\/green-cult.com\/de\/wp-json\/wp\/v2\/product"}],"about":[{"href":"https:\/\/green-cult.com\/de\/wp-json\/wp\/v2\/types\/product"}],"replies":[{"embeddable":true,"href":"https:\/\/green-cult.com\/de\/wp-json\/wp\/v2\/comments?post=9850"}],"version-history":[{"count":0,"href":"https:\/\/green-cult.com\/de\/wp-json\/wp\/v2\/product\/9850\/revisions"}],"wp:featuredmedia":[{"embeddable":true,"href":"https:\/\/green-cult.com\/de\/wp-json\/wp\/v2\/media\/9976"}],"wp:attachment":[{"href":"https:\/\/green-cult.com\/de\/wp-json\/wp\/v2\/media?parent=9850"}],"wp:term":[{"taxonomy":"product_cat","embeddable":true,"href":"https:\/\/green-cult.com\/de\/wp-json\/wp\/v2\/product_cat?post=9850"},{"taxonomy":"product_tag","embeddable":true,"href":"https:\/\/green-cult.com\/de\/wp-json\/wp\/v2\/product_tag?post=9850"}],"curies":[{"name":"wp","href":"https:\/\/api.w.org\/{rel}","templated":true}]}}