{"id":9831,"date":"2022-11-22T12:44:19","date_gmt":"2022-11-22T11:44:19","guid":{"rendered":"https:\/\/green-cult.com\/?post_type=product&#038;p=9831"},"modified":"2026-02-17T17:18:58","modified_gmt":"2026-02-17T16:18:58","slug":"hydramax-6-site-2-rows-x-3-columns","status":"publish","type":"product","link":"https:\/\/green-cult.com\/de\/produkt\/hydramax-6-site-2-rows-x-3-columns\/","title":{"rendered":"HydraMax 6er Set - 2 Reihen \u00e1 3 Beh\u00e4lter"},"content":{"rendered":"<p><strong>HydraMax 6er Set - 2 Reihen System<\/strong><\/p>\n<p>HydraMax ist ein komplettes Tiefwasserkultursystem.\u00a0\u00a0Die N\u00e4hrstoffe werden schnell und gleichm\u00e4\u00dfig an jeden Beh\u00e4lter gleichzeitig abgegeben.<\/p>\n<p class=\"translation-block\"><strong>Mehr Ertrag, weniger Wasser.<\/strong> Ganz gleich, ob deine Pflanzenanzahl  zwischen 4 und 5000 betragen, du kannst dich auf den HydraMax Unterschied verlassen: Das HydraMax RTWK-System f\u00fchrt zu schnellerem Wachstum, h\u00f6heren Ertr\u00e4gen und nachhaltigem Anbau von Pflanzen. Was bedeutet das f\u00fcr Sie? Mehr Gewinn. Punkt.<\/p>\n<p class=\"translation-block\"><strong>HydraMax ist die einzige kommerzielle L\u00f6sung auf dem Markt, die von Ingenieuren mit mehr als 40 Jahren Erfahrung in der Str\u00f6mungstechnik entwickelt wurde.<\/strong> Von den klassenbesten Bel\u00fcftungsfunktionen bis hin zur un\u00fcbertroffenen Effizienz der N\u00e4hrstoffzufuhr sorgt HydraMax daf\u00fcr, dass deine Pflanzen in gro\u00dfem Ma\u00dfstab vorhersehbar wachsen und du in k\u00fcrzerer Zeit <strong>mehr Gewinn<\/strong> erzielst.<\/p>\n<p><strong><br \/>\nUnser Tiefwasserkultur-System umfasst:<\/strong><\/p>\n<p>\u2022 6 8-Gallonen (30,3 Liter) Beh\u00e4lter<br \/>\n\u2022 6 Deckel mit Inspektions\u00f6ffnung und Abdeckung<br \/>\n\u2022 6 Hydra Venturi Zirkulatoren<br \/>\n\u2022 Qwik-Lok-Rohrverbindungen<br \/>\n\u2022 1 Pumpe<br \/>\n\u2022 1 Dosiertrichter<br \/>\n\u2022 1 Nachf\u00fcllventil<br \/>\n\u2022 6 Root Halo Pflanzenhalter und Neoprenmanschetten<\/p>\n<p>Ma\u00dfe (B x L x H): 117 x 249 x 46cm<\/p>\n<p><img decoding=\"async\" class=\"wp-image-10810 aligncenter\" src=\"https:\/\/green-cult.com\/wp-content\/uploads\/2022\/11\/tech-6-2-300x152.jpg\" alt=\"\" width=\"600\" height=\"304\" srcset=\"https:\/\/green-cult.com\/wp-content\/uploads\/2022\/11\/tech-6-2-300x152.jpg 300w, https:\/\/green-cult.com\/wp-content\/uploads\/2022\/11\/tech-6-2-768x390.jpg 768w, https:\/\/green-cult.com\/wp-content\/uploads\/2022\/11\/tech-6-2-450x229.jpg 450w, https:\/\/green-cult.com\/wp-content\/uploads\/2022\/11\/tech-6-2-800x407.jpg 800w, https:\/\/green-cult.com\/wp-content\/uploads\/2022\/11\/tech-6-2.jpg 850w\" sizes=\"(max-width: 600px) 100vw, 600px\" \/><\/p>\n<p>&nbsp;<\/p>","protected":false},"excerpt":{"rendered":"<p>HydraMax 6-site, 2-row System HydraMax is\u00a0a\u00a0complete deep water culture system.\u00a0\u00a0Nutrients are quickly and evenly delivered to each bucket simultaneously. More Yield, less Water. Whether your plants number from 4-5000, you can rely on The HydraMax difference: HydraMax Commercial Deep Water Culture System consistently produces faster vegging, higher yields, and sustainably grown crops. What does this [&hellip;]<\/p>\n","protected":false},"featured_media":9996,"comment_status":"open","ping_status":"closed","template":"","meta":[],"product_cat":[59],"product_tag":[],"class_list":{"0":"post-9831","1":"product","2":"type-product","3":"status-publish","4":"has-post-thumbnail","6":"product_brand-hydramax","7":"product_cat-system-kits","8":"product_shipping_class-small-palette","10":"first","11":"instock","12":"taxable","13":"shipping-taxable","14":"purchasable","15":"product-type-simple"},"_links":{"self":[{"href":"https:\/\/green-cult.com\/de\/wp-json\/wp\/v2\/product\/9831","targetHints":{"allow":["GET"]}}],"collection":[{"href":"https:\/\/green-cult.com\/de\/wp-json\/wp\/v2\/product"}],"about":[{"href":"https:\/\/green-cult.com\/de\/wp-json\/wp\/v2\/types\/product"}],"replies":[{"embeddable":true,"href":"https:\/\/green-cult.com\/de\/wp-json\/wp\/v2\/comments?post=9831"}],"version-history":[{"count":2,"href":"https:\/\/green-cult.com\/de\/wp-json\/wp\/v2\/product\/9831\/revisions"}],"predecessor-version":[{"id":17125,"href":"https:\/\/green-cult.com\/de\/wp-json\/wp\/v2\/product\/9831\/revisions\/17125"}],"wp:featuredmedia":[{"embeddable":true,"href":"https:\/\/green-cult.com\/de\/wp-json\/wp\/v2\/media\/9996"}],"wp:attachment":[{"href":"https:\/\/green-cult.com\/de\/wp-json\/wp\/v2\/media?parent=9831"}],"wp:term":[{"taxonomy":"product_cat","embeddable":true,"href":"https:\/\/green-cult.com\/de\/wp-json\/wp\/v2\/product_cat?post=9831"},{"taxonomy":"product_tag","embeddable":true,"href":"https:\/\/green-cult.com\/de\/wp-json\/wp\/v2\/product_tag?post=9831"}],"curies":[{"name":"wp","href":"https:\/\/api.w.org\/{rel}","templated":true}]}}