{"id":15237,"date":"2024-07-04T16:20:13","date_gmt":"2024-07-04T14:20:13","guid":{"rendered":"https:\/\/green-cult.com\/?post_type=product&#038;p=15237"},"modified":"2026-04-24T15:16:29","modified_gmt":"2026-04-24T13:16:29","slug":"hailea-ultra-titan-500-chiller-white-special-edition","status":"publish","type":"product","link":"https:\/\/green-cult.com\/de\/produkt\/hailea-ultra-titan-500-chiller-white-special-edition\/","title":{"rendered":"Hailea Ultra Titan 500 Chiller &#8211; White Special Edition"},"content":{"rendered":"<p>Die K\u00fchlaggregate von Hailea werden seit \u00fcber 15 Jahren in bew\u00e4hrten Durchlaufk\u00fchlern anderer Hersteller verbaut. Die neuen W\u00e4rmetauscher der Ultra Baureihe werden aus Titan gefertigt. Dadurch eignen sich die K\u00fchler perfekt f\u00fcr Wasserk\u00fchlungssysteme und Aquarien. Ein weiteres positives Kennzeichen der Ger\u00e4te ist der niedrige Ger\u00e4uschpegel.<br \/>\nDieser Durchlaufk\u00fchler ersetzt im wesentlichen den Radiator, da das Wasser auf eine von Ihnen eingestellte Temperatur runtergeregelt wird. Es sind Temperaturen von bis zu 4\u00b0C m\u00f6glich, beachten Sie hierbei aber, dass durch die Temperaturdifferenz sich Kondenswasser bilden kann. \u00dcber das Display kann die Temperatur in Einzelschritten bis 28\u00b0 C festgelegt werden. Entsprechendes Isolierzubeh\u00f6r (f\u00fcr Schlauch und CPU) ist ebenfalls erh\u00e4ltlich. Alternativ kann man den Chiller auch auf einen Wert kurz unter Raumtemperatur einstellen, um das Problem der Kondenswasserbildung zu vermeiden.  Durch die geringen Wassertemperaturen sind ungeahnte M\u00f6glichkeiten der \u00dcbertaktung gegeben. Die Lebensdauer Ihrer Komponenten erh\u00f6ht sich um ein vielfaches.<\/p>\n<p><strong>Technische Daten:<\/strong><\/p>\n<ul>\n<li>Leistung Kompressor: 0,25 PS<\/li>\n<li>Netzspannung: 220-240V<\/li>\n<li>K\u00e4lteleistung: 395 Watt<\/li>\n<li>Empfohlener Wasserdurchlauf: 500-2500l\/h<\/li>\n<li>Gewicht: 18,6kg<\/li>\n<li>K\u00e4ltemittel: R 134 A<\/li>\n<li>Abmessungen: 448x330x440mm (LxBxH)<\/li>\n<li>Anschlussau\u00dfendurchmesser: 18-20mm<\/li>\n<li>W\u00e4rmetauscher: Titan<\/li>\n<li>max. Druckbelastung: 0,8bar<\/li>\n<li>Temperaturregler: Digitale Ablesegenauigkeit 0,1\u00b0C, Sollwerteinstellung in 1\u00b0C Schritten<\/li>\n<li>Sromaufnahme: 1,8 A (50Hz)<\/li>\n<li>Stromverbrauch: 414 W<\/li>\n<\/ul>\n<p><img decoding=\"async\" class=\"alignnone wp-image-15120 size-full\" src=\"https:\/\/green-cult.com\/wp-content\/uploads\/2024\/05\/Hailea_chart-de.png\" alt=\"\" width=\"819\" height=\"170\" srcset=\"https:\/\/green-cult.com\/wp-content\/uploads\/2024\/05\/Hailea_chart-de.png 819w, https:\/\/green-cult.com\/wp-content\/uploads\/2024\/05\/Hailea_chart-de-300x62.png 300w, https:\/\/green-cult.com\/wp-content\/uploads\/2024\/05\/Hailea_chart-de-768x159.png 768w, https:\/\/green-cult.com\/wp-content\/uploads\/2024\/05\/Hailea_chart-de-18x4.png 18w, https:\/\/green-cult.com\/wp-content\/uploads\/2024\/05\/Hailea_chart-de-450x93.png 450w, https:\/\/green-cult.com\/wp-content\/uploads\/2024\/05\/Hailea_chart-de-800x166.png 800w\" sizes=\"(max-width: 819px) 100vw, 819px\" \/><\/p>","protected":false},"excerpt":{"rendered":"<p>Hailea&#8217;s cooling units have been used for over 15 years in tried-and-tested continuous coolers from other manufacturers. The new heat exchangers in the Ultra series are made of titanium. This makes the coolers perfect for water cooling systems and hydroponics. Another positive feature of the devices is the low noise level. This flow-through cooler essentially [&hellip;]<\/p>\n","protected":false},"featured_media":15238,"comment_status":"open","ping_status":"closed","template":"","meta":[],"product_cat":[131],"product_tag":[],"class_list":{"0":"post-15237","1":"product","2":"type-product","3":"status-publish","4":"has-post-thumbnail","6":"product_brand-hailea","7":"product_cat-chiller","8":"product_shipping_class-standard-parcel","10":"first","11":"instock","12":"taxable","13":"shipping-taxable","14":"purchasable","15":"product-type-simple"},"_links":{"self":[{"href":"https:\/\/green-cult.com\/de\/wp-json\/wp\/v2\/product\/15237","targetHints":{"allow":["GET"]}}],"collection":[{"href":"https:\/\/green-cult.com\/de\/wp-json\/wp\/v2\/product"}],"about":[{"href":"https:\/\/green-cult.com\/de\/wp-json\/wp\/v2\/types\/product"}],"replies":[{"embeddable":true,"href":"https:\/\/green-cult.com\/de\/wp-json\/wp\/v2\/comments?post=15237"}],"version-history":[{"count":1,"href":"https:\/\/green-cult.com\/de\/wp-json\/wp\/v2\/product\/15237\/revisions"}],"predecessor-version":[{"id":17330,"href":"https:\/\/green-cult.com\/de\/wp-json\/wp\/v2\/product\/15237\/revisions\/17330"}],"wp:featuredmedia":[{"embeddable":true,"href":"https:\/\/green-cult.com\/de\/wp-json\/wp\/v2\/media\/15238"}],"wp:attachment":[{"href":"https:\/\/green-cult.com\/de\/wp-json\/wp\/v2\/media?parent=15237"}],"wp:term":[{"taxonomy":"product_cat","embeddable":true,"href":"https:\/\/green-cult.com\/de\/wp-json\/wp\/v2\/product_cat?post=15237"},{"taxonomy":"product_tag","embeddable":true,"href":"https:\/\/green-cult.com\/de\/wp-json\/wp\/v2\/product_tag?post=15237"}],"curies":[{"name":"wp","href":"https:\/\/api.w.org\/{rel}","templated":true}]}}