{"id":15212,"date":"2024-06-28T11:35:42","date_gmt":"2024-06-28T09:35:42","guid":{"rendered":"https:\/\/green-cult.com\/?post_type=product&#038;p=15212"},"modified":"2026-02-17T17:16:04","modified_gmt":"2026-02-17T16:16:04","slug":"hydramax-4-bucket-system","status":"publish","type":"product","link":"https:\/\/green-cult.com\/de\/produkt\/hydramax-4-bucket-system\/","title":{"rendered":"HydraMax 4-Beh\u00e4lter System"},"content":{"rendered":"<p><strong>HydraMax HOME 4-Beh\u00e4lter System (Durchlaufk\u00fchler kompatibel)<\/strong><\/p>\n<p>Steigere dein Wachstumspotenzial mit dem Chiller-kompatiblen HydraMax 4-Beh\u00e4lter HOME System \u2013 ganz ohne Luftsteine, Luftpumpen oder separates Reservoir. Dieses System ist ein rezirkulierendes, substratfreies Deep-Water-Culture-Hydroponiksystem, dass unsere kommerzielle Technologie und die M\u00f6glichkeit h\u00f6herer Ertr\u00e4ge in dein Zuhause bringt, und bis zu 25-30% h\u00f6here Ertr\u00e4ge im Vergleich zu anderen Anbaumethoden erm\u00f6glicht.<br \/>\nDas System mit 4 Beh\u00e4ltern, kann auf kleinstem Raum aufgestellt werden.<br \/>\nWir empfehlen ein Growzelt 1,2m x 1,2m x 2,2m, wie z.B. die Growbox Q120+ (Link: <a href=\"https:\/\/green-cult.com\/de\/produkt\/growbox-q120\/\">https:\/\/green-cult.com\/de\/produkt\/hydramax-4-bucket-system\/<\/a>)<\/p>\n<p><strong>Dieses rezirkulierende Tiefwasserkultursystem umfasst:<\/strong><\/p>\n<ul>\n<li>Vier 30,3 Liter Beh\u00e4lter mit F\u00fc\u00dfen<\/li>\n<li>4 Deckel mit Inspektions\u00f6ffnung und Abdeckung<\/li>\n<li>Vier Venturi Zirkulatoren<\/li>\n<li>Qwik-Lok Rohrleitungen und alle erforderlichen Schl\u00e4uche und Anschl\u00fcsse<\/li>\n<li>Eine Hochleistungspumpe Aqua Medic AC Runner 12.2<\/li>\n<li>4 x Root Halo Pflanzenhalter<\/li>\n<\/ul>\n<p><strong>Professionelle Leistung, pers\u00f6nlicher Anspruch<\/strong><br \/>\nLass dich von der Gr\u00f6\u00dfe nicht t\u00e4uschen - das HydraMax Home 4-Beh\u00e4lter System hat es in sich, wenn es um Leistung geht. Diese kompakte Version ist von unseren renommierten professionellen Systemen inspiriert und verf\u00fcgt \u00fcber dieselbe fortschrittliche Hydroponik-Technologie, die eine optimale N\u00e4hrstoffverteilung, eine kr\u00e4ftige Wurzelentwicklung und ein beeindruckendes Pflanzenwachstum gew\u00e4hrleistet.<\/p>\n<p><strong>Mit Zuversicht kultivieren<\/strong><br \/>\nEgal, ob du ein Anf\u00e4nger oder ein erfahrener Experte bist, dieses System ist darauf zugeschnitten, deine Anbauerfahrung zu verbessern. Die einfache Einrichtung und das benutzerfreundliche Design sorgen daf\u00fcr, dass du deine hydroponische Reise ohne Probleme antreten kannst. Es ist der perfekte Einstieg f\u00fcr alle, die die Welt der Hydroponik bequem von zu Hause aus erkunden m\u00f6chten. Dieses System wurde sorgf\u00e4ltig entwickelt, um eine optimale Wasser- und N\u00e4hrstoffverteilung zu gew\u00e4hrleisten und so ein schnelles Wachstum und robuste Ertr\u00e4ge zu f\u00f6rdern. HydraMax bietet eine sauberere Wachstumsumgebung, geringeren Arbeits- und Wartungsaufwand sowie die M\u00f6glichkeit der Reinigung an Ort und Stelle. Unsere patentierten Leitungen mit Qwik-Lok sorgen f\u00fcr eine extrem einfache Installation und Zuverl\u00e4ssigkeit.<\/p>\n<p><strong>Platzsparendes Design<\/strong><br \/>\nWir wissen, wie wichtig Platz ist, vor allem, wenn es um Anwendungen in den eigenen vier W\u00e4nden geht. Das HydraMax Home 4-Beh\u00e4lter System mit einem Platzbedarf von weniger als 90 x 90cm ist so konzipiert, dass es sich nahtlos in deinem Wohnbereich, deine Wohnung oder dein B\u00fcro einf\u00fcgt. Hol dir die Zufriedenheit des Anbauens ins Haus, ohne Kompromisse bei der Qualit\u00e4t oder Effizienz einzugehen.<\/p>\n<p><strong>Dein pers\u00f6nliches hydroponisches Paradies<\/strong><br \/>\nErlebe die Freude an der Pflege von Pflanzen und beobachte ihr Wachstum aus n\u00e4chster N\u00e4he. Dieses System ist nicht nur ein Kultivierungswerkzeug; es ist eine Verbindung zur Natur, die deine Umgebung und deine Lebensqualit\u00e4t verbessert. Egal, ob du Kr\u00e4uter, Cannabis, Nutz- oder sogar kleine bl\u00fchende Pflanzen anbaust, das HydraMax Home 4-Beh\u00e4lter System ist dein Schl\u00fcssel zur Kultivierung eines bl\u00fchenden Indoor-Gartens. Unsere patentierten Umw\u00e4lzpumpen sorgen f\u00fcr die perfekte Mischung aus Luft- und Wasserzirkulation, damit deine Pflanzen gut gedeihen - sie erm\u00f6glichen au\u00dferdem eine hocheffiziente N\u00e4hrstoffaufnahme, um das Pflanzenwachstum zu maximieren.<\/p>\n<p><strong>HydraMax Qualit\u00e4t, Komfort f\u00fcr Zuhause<\/strong><br \/>\nBei HydraMax haben wir uns verpflichtet, hervorragende hydroponische Innovationen zu liefern. Das HydraMax Home System ist ein Beweis f\u00fcr unser Engagement, die Vorteile der Hydroponik in jedes Haus zu bringen, unabh\u00e4ngig von der Gr\u00f6\u00dfe. Entdecke die perfekte Harmonie zwischen professionellen Ergebnissen und der Atmosph\u00e4re des Heimanbaus.<\/p>\n<p><strong>Inhalt:<\/strong><br \/>\n4 Beh\u00e4lter inkl. Komplett-Ausstattung sowie AquaMedic AC Runner Pumpe 12.2.<\/p>\n<p>Ma\u00dfe: B x L x H: 83,8 x 83,8 x 46cm<\/p>\n<p>&nbsp;<\/p>","protected":false},"excerpt":{"rendered":"<p>Hochleistungspumpe inklusive!<\/p>","protected":false},"featured_media":15806,"comment_status":"open","ping_status":"closed","template":"","meta":[],"product_cat":[116],"product_tag":[117],"class_list":{"0":"post-15212","1":"product","2":"type-product","3":"status-publish","4":"has-post-thumbnail","6":"product_brand-hydramax","7":"product_cat-home-systems","8":"product_tag-home-system","9":"product_shipping_class-standard-parcel","11":"first","12":"instock","13":"taxable","14":"shipping-taxable","15":"purchasable","16":"product-type-simple"},"_links":{"self":[{"href":"https:\/\/green-cult.com\/de\/wp-json\/wp\/v2\/product\/15212","targetHints":{"allow":["GET"]}}],"collection":[{"href":"https:\/\/green-cult.com\/de\/wp-json\/wp\/v2\/product"}],"about":[{"href":"https:\/\/green-cult.com\/de\/wp-json\/wp\/v2\/types\/product"}],"replies":[{"embeddable":true,"href":"https:\/\/green-cult.com\/de\/wp-json\/wp\/v2\/comments?post=15212"}],"version-history":[{"count":1,"href":"https:\/\/green-cult.com\/de\/wp-json\/wp\/v2\/product\/15212\/revisions"}],"predecessor-version":[{"id":17119,"href":"https:\/\/green-cult.com\/de\/wp-json\/wp\/v2\/product\/15212\/revisions\/17119"}],"wp:featuredmedia":[{"embeddable":true,"href":"https:\/\/green-cult.com\/de\/wp-json\/wp\/v2\/media\/15806"}],"wp:attachment":[{"href":"https:\/\/green-cult.com\/de\/wp-json\/wp\/v2\/media?parent=15212"}],"wp:term":[{"taxonomy":"product_cat","embeddable":true,"href":"https:\/\/green-cult.com\/de\/wp-json\/wp\/v2\/product_cat?post=15212"},{"taxonomy":"product_tag","embeddable":true,"href":"https:\/\/green-cult.com\/de\/wp-json\/wp\/v2\/product_tag?post=15212"}],"curies":[{"name":"wp","href":"https:\/\/api.w.org\/{rel}","templated":true}]}}