{"id":15018,"date":"2024-04-17T17:22:45","date_gmt":"2024-04-17T15:22:45","guid":{"rendered":"https:\/\/green-cult.com\/?post_type=product&#038;p=15018"},"modified":"2024-11-13T12:07:35","modified_gmt":"2024-11-13T11:07:35","slug":"hailea-ultra-titan-300-chiller","status":"publish","type":"product","link":"https:\/\/green-cult.com\/de\/produkt\/hailea-ultra-titan-300-chiller\/","title":{"rendered":"Hailea Ultra Titan 300 Chiller"},"content":{"rendered":"<p>Die K\u00fchlaggregate von Hailea werden seit \u00fcber 15 Jahren in bew\u00e4hrten Durchlaufk\u00fchlern anderer Hersteller verbaut. Die neuen W\u00e4rmetauscher der Ultra Baureihe werden aus Titan gefertigt. Dadurch eignen sich die K\u00fchler perfekt f\u00fcr Hydroponiksysteme. Ein weiteres positives Kennzeichen der Ger\u00e4te ist der niedrige Ger\u00e4uschpegel. Auch der Preis der neuen Serie ist erfreulich g\u00fcnstig.<\/p>\n<p><strong>Neue Version:\u00a0<\/strong><\/p>\n<ul>\n<li>Neues cooles Design<\/li>\n<li>Robustere Materialien f\u00fcr eine noch l\u00e4ngere Lebensdauer<\/li>\n<li>Geringere L\u00e4rmemissionen<\/li>\n<li>Geeignet f\u00fcr Dauerbetrieb<\/li>\n<\/ul>\n<p><strong>L\u00e4rmemissionen:<\/strong><br \/>\nDie kleinen Chiller (z.B. HC150) haben eine Ger\u00e4uschemission von nur 20dB(A) und k\u00f6nnen eingesetzt werden, ohne zu st\u00f6ren.<br \/>\nGr\u00f6\u00dfere Modelle (z. B. HC500) sollten zus\u00e4tzlich entkoppelt werden, um den Ger\u00e4uschpegel gegebenenfalls zu senken.<br \/>\nDie Modelle HC1000 und HC 2000 sollten extra entkoppelt oder in einem separaten Raum betrieben werden.<\/p>\n<p>Dieser Wasserk\u00fchler ersetzt im Grunde den K\u00fchler, da das K\u00fchlmittel durch dieses Ger\u00e4t auf die gew\u00fcnschte Temperatur gek\u00fchlt wird. Es sind Temperaturen bis zu 4\u00b0C m\u00f6glich. Bitte beachte, dass sich bei niedrigen Temperaturen (hoher Temperaturunterschied) Kondensat ansammeln kann. Um dieses Problem zu vermeiden, kann die K\u00fchlmitteltemperatur auf knapp unter Raumtemperatur eingestellt werden.<br \/>\nDank der niedrigen Temperaturen ist ein unglaubliches \u00dcbertaktungspotenzial vorhanden! Die Lebensdauer der Komponenten wird um ein Vielfaches verl\u00e4ngert. Dieses System eignet sich auch hervorragend f\u00fcr ger\u00e4uscharme Anwendungen, da der K\u00fchler in einem anderen Raum untergebracht werden kann.<\/p>\n<p><strong>Technische Daten:<\/strong><\/p>\n<ul>\n<li>Leistung Kompressor: 0,16 PS<\/li>\n<li>Stromverbrauch: 150W<\/li>\n<li>Netzspannung: 220-240V<\/li>\n<li>K\u00e4lteleistung: 260 Watt<\/li>\n<li>Empfohlener Wasserdurchlauf: 600-2200l\/h<\/li>\n<li>Gewicht: 18kg<\/li>\n<li>K\u00e4ltemittel: R 134 A<\/li>\n<li>Abmessungen: 448x330x440mm (LxBxH)<\/li>\n<li>Anschlussau\u00dfendurchmesser: 18-20mm<\/li>\n<li>W\u00e4rmetauscher: Titan<\/li>\n<li>max. Druckbelastung: 0,8bar<\/li>\n<li>Temperaturregler: Digitale Ablesegenauigkeit 0,1\u00b0C, Sollwerteinstellung in 1\u00b0C Schritten<\/li>\n<li>Stromaufnahme:  1,3 A (50 Hz)<\/li>\n<li>Leistungsaufnahme: 299W<\/li>\n<\/ul>\n<p><img decoding=\"async\" class=\"alignnone wp-image-15120 size-full\" src=\"https:\/\/green-cult.com\/wp-content\/uploads\/2024\/05\/Hailea_chart-de.png\" alt=\"\" width=\"819\" height=\"170\" srcset=\"https:\/\/green-cult.com\/wp-content\/uploads\/2024\/05\/Hailea_chart-de.png 819w, https:\/\/green-cult.com\/wp-content\/uploads\/2024\/05\/Hailea_chart-de-300x62.png 300w, https:\/\/green-cult.com\/wp-content\/uploads\/2024\/05\/Hailea_chart-de-768x159.png 768w, https:\/\/green-cult.com\/wp-content\/uploads\/2024\/05\/Hailea_chart-de-18x4.png 18w, https:\/\/green-cult.com\/wp-content\/uploads\/2024\/05\/Hailea_chart-de-450x93.png 450w, https:\/\/green-cult.com\/wp-content\/uploads\/2024\/05\/Hailea_chart-de-800x166.png 800w\" sizes=\"(max-width: 819px) 100vw, 819px\" \/><\/p>","protected":false},"excerpt":{"rendered":"<p>The cooling units from Hailea have been used in trusted waterchillers from other manufacturers for over 15 years. The new heat exchangers of the Ultra series are made from titanium. Therefore the chillers are perfect for hydroponic systems. Another positive aspect about the Hailea units is the low noise emission. The pricing of the new [&hellip;]<\/p>\n","protected":false},"featured_media":15019,"comment_status":"open","ping_status":"closed","template":"","meta":[],"product_cat":[131],"product_tag":[],"class_list":{"0":"post-15018","1":"product","2":"type-product","3":"status-publish","4":"has-post-thumbnail","6":"product_brand-hailea","7":"product_cat-chiller","8":"product_shipping_class-standard-parcel","10":"first","11":"instock","12":"taxable","13":"shipping-taxable","14":"purchasable","15":"product-type-simple"},"_links":{"self":[{"href":"https:\/\/green-cult.com\/de\/wp-json\/wp\/v2\/product\/15018","targetHints":{"allow":["GET"]}}],"collection":[{"href":"https:\/\/green-cult.com\/de\/wp-json\/wp\/v2\/product"}],"about":[{"href":"https:\/\/green-cult.com\/de\/wp-json\/wp\/v2\/types\/product"}],"replies":[{"embeddable":true,"href":"https:\/\/green-cult.com\/de\/wp-json\/wp\/v2\/comments?post=15018"}],"version-history":[{"count":0,"href":"https:\/\/green-cult.com\/de\/wp-json\/wp\/v2\/product\/15018\/revisions"}],"wp:featuredmedia":[{"embeddable":true,"href":"https:\/\/green-cult.com\/de\/wp-json\/wp\/v2\/media\/15019"}],"wp:attachment":[{"href":"https:\/\/green-cult.com\/de\/wp-json\/wp\/v2\/media?parent=15018"}],"wp:term":[{"taxonomy":"product_cat","embeddable":true,"href":"https:\/\/green-cult.com\/de\/wp-json\/wp\/v2\/product_cat?post=15018"},{"taxonomy":"product_tag","embeddable":true,"href":"https:\/\/green-cult.com\/de\/wp-json\/wp\/v2\/product_tag?post=15018"}],"curies":[{"name":"wp","href":"https:\/\/api.w.org\/{rel}","templated":true}]}}