{"id":14688,"date":"2024-03-25T11:56:54","date_gmt":"2024-03-25T10:56:54","guid":{"rendered":"https:\/\/green-cult.com\/?post_type=product&#038;p=14688"},"modified":"2026-02-09T21:11:24","modified_gmt":"2026-02-09T20:11:24","slug":"alexa-wlan-power-strip-with-usb-charger-multiple","status":"publish","type":"product","link":"https:\/\/green-cult.com\/de\/produkt\/alexa-wlan-power-strip-with-usb-charger-multiple\/","title":{"rendered":"WLAN Steckdosenleiste Alexa mit USB Ladeger\u00e4t mehrfach"},"content":{"rendered":"<p><span class=\"a-list-item\">SMARTE STECKDOSENLEISTE MIT APP: Richte deine Smart Home Ger\u00e4te ein, dann lassen sich diese durch die WLAN Mehrfachsteckdose aus der Ferne steuern. Verwende die NOUS \/ Smart Life \/ Tuya App, um die Wifi Steckdosenleiste \u00fcber ein Smartphone ein- oder auszuschalten - \u00fcberall und ohne Entfernungsbegrenzung.<\/span><\/p>\n<ul class=\"a-unordered-list a-vertical a-spacing-mini\">\n<li class=\"a-spacing-mini\"><span class=\"a-list-item\">ALEXA MEHRFACHSTECKDOSE MIT SPRACHSTEUERUNG: Die intelligente Steckdosenleiste ist kompatibel f\u00fcr Amazon Alexa, Echo, Echo Dot, Google Assistant und Google Home, Du kannst deine Ger\u00e4te, die mit der Smart Life Steckdosenleiste verbunden sind, direkt per Sprachbefehl steuern.<\/span><\/li>\n<li class=\"a-spacing-mini\"><span class=\"a-list-item\">PROGRAMMIERE NACH BEDARF: Die Mehrfachsteckdose mit Zeitschaltuhr schaltet elektronische Ger\u00e4te wie Lampen, Kaffeemaschinen, Warmwasserbereiter, Thermostate, Ventilatoren und Luftbefeuchter automatisch ein und aus, je nach deinem Tagesablauf. So kannst du mit der Smart Mehrfachsteckdose deinen Verbrauch regulieren.<\/span><\/li>\n<li class=\"a-spacing-mini\"><span class=\"a-list-item\">STECKDOSENADAPTER 3FACH: Die 3 Ausg\u00e4nge k\u00f6nnen unabh\u00e4ngig voneinander gesteuert werden, Du kannst die an die Mehrfachsteckdose USB angeschlossenen Ger\u00e4te individuell steuern. Zus\u00e4tzlich gibt es 3 USB-Eing\u00e4nge, die 3 USB-Anschl\u00fcsse unterst\u00fctzen nur eine einheitliche Steuerung. Die WLAN Steckdosenleiste mit Strommessung bietet dir zus\u00e4tzlich einen Stromverbrauchs\u00fcberblick.<\/span><\/li>\n<li class=\"a-spacing-mini\"><span class=\"a-list-item\">\u00dcBERLAST UND \u00dcBERSPANNUNGSSCHUTZ: Die PC Steckdosenleiste mit \u00dcberspannungsschutz sorgt durch Sicherheitsdesigns f\u00fcr umfassenden Schutz f\u00fcr dich und Ihre elektrischen Ger\u00e4te. Die TUYA Steckdosenleiste mit Sicherung bietet dir somit garantierte Sicherheit.<\/span><\/li>\n<\/ul>","protected":false},"excerpt":{"rendered":"<p>Smart socket strip with app: set up your smart home devices, then they can be controlled remotely by the WLAN multiple socket. Use the NOUS \/ Smart Life \/ Tuya app to turn the WiFi power strip on or off via a smartphone &#8211; anywhere and without distance limit. Alexa multi-socket with voice control: the [&hellip;]<\/p>\n","protected":false},"featured_media":14689,"comment_status":"open","ping_status":"closed","template":"","meta":[],"product_cat":[61],"product_tag":[],"class_list":{"0":"post-14688","1":"product","2":"type-product","3":"status-publish","4":"has-post-thumbnail","6":"product_cat-parts-fittings","7":"product_shipping_class-standard-parcel","9":"first","10":"instock","11":"taxable","12":"shipping-taxable","13":"purchasable","14":"product-type-simple"},"_links":{"self":[{"href":"https:\/\/green-cult.com\/de\/wp-json\/wp\/v2\/product\/14688","targetHints":{"allow":["GET"]}}],"collection":[{"href":"https:\/\/green-cult.com\/de\/wp-json\/wp\/v2\/product"}],"about":[{"href":"https:\/\/green-cult.com\/de\/wp-json\/wp\/v2\/types\/product"}],"replies":[{"embeddable":true,"href":"https:\/\/green-cult.com\/de\/wp-json\/wp\/v2\/comments?post=14688"}],"version-history":[{"count":0,"href":"https:\/\/green-cult.com\/de\/wp-json\/wp\/v2\/product\/14688\/revisions"}],"wp:featuredmedia":[{"embeddable":true,"href":"https:\/\/green-cult.com\/de\/wp-json\/wp\/v2\/media\/14689"}],"wp:attachment":[{"href":"https:\/\/green-cult.com\/de\/wp-json\/wp\/v2\/media?parent=14688"}],"wp:term":[{"taxonomy":"product_cat","embeddable":true,"href":"https:\/\/green-cult.com\/de\/wp-json\/wp\/v2\/product_cat?post=14688"},{"taxonomy":"product_tag","embeddable":true,"href":"https:\/\/green-cult.com\/de\/wp-json\/wp\/v2\/product_tag?post=14688"}],"curies":[{"name":"wp","href":"https:\/\/api.w.org\/{rel}","templated":true}]}}