{"id":12536,"date":"2023-09-29T16:28:01","date_gmt":"2023-09-29T14:28:01","guid":{"rendered":"https:\/\/green-cult.com\/?post_type=product&#038;p=12536"},"modified":"2026-02-17T17:18:00","modified_gmt":"2026-02-17T16:18:00","slug":"hydramax-3-site","status":"publish","type":"product","link":"https:\/\/green-cult.com\/de\/produkt\/hydramax-3-site\/","title":{"rendered":"HydraMax 3-Beh\u00e4lter System"},"content":{"rendered":"<p><strong>HydraMax 3-Beh\u00e4lter System<\/strong><\/p>\n<p>HydraMax ist ein komplettes Tiefwasserkultursystem.\u00a0\u00a0Die N\u00e4hrstoffe werden schnell und gleichm\u00e4\u00dfig an jeden Beh\u00e4lter gleichzeitig abgegeben.<\/p>\n<p class=\"translation-block\"><strong>Mehr Ertrag, weniger Wasser.<\/strong> Ganz gleich, ob deine Pflanzenanzahl  zwischen 4 und 5000 betragen, du kannst dich auf den HydraMax Unterschied verlassen: Das HydraMax RTWK-System f\u00fchrt zu schnellerem Wachstum, h\u00f6heren Ertr\u00e4gen und nachhaltigem Anbau von Pflanzen. Was bedeutet das f\u00fcr Sie? Mehr Gewinn. Punkt.<\/p>\n<p class=\"translation-block\"><strong>HydraMax ist die einzige kommerzielle L\u00f6sung auf dem Markt, die von Ingenieuren mit mehr als 40 Jahren Erfahrung in der Str\u00f6mungstechnik entwickelt wurde.<\/strong> Von den klassenbesten Bel\u00fcftungsfunktionen bis hin zur un\u00fcbertroffenen Effizienz der N\u00e4hrstoffzufuhr sorgt HydraMax daf\u00fcr, dass deine Pflanzen in gro\u00dfem Ma\u00dfstab vorhersehbar wachsen und du in k\u00fcrzerer Zeit <strong>mehr Gewinn<\/strong> erzielst.<\/p>\n<p><strong><br \/>\nUnser Tiefwasserkultur-System umfasst:<\/strong><\/p>\n<p>\u2022 3 8-Gallonen (30,3 Liter) Beh\u00e4lter<br \/>\n\u2022 3 Deckel mit Inspektions\u00f6ffnung und Abdeckung<br \/>\n\u2022 3 Hydra Venturi Zirkulatoren<br \/>\n\u2022 Qwik-Lok-Rohrverbindungen<br \/>\n\u2022 1 Speroni CM22 Pumpe<br \/>\n\u2022 1 Dosiertrichter<br \/>\n\u2022 1 Nachf\u00fcllventil<br \/>\n\u2022 3 Root Halo Pflanzenhalter und Neoprenmanschetten<\/p>\n<p>Ma\u00dfe (B x L x H): 207 x 40 x 46cm<\/p>\n<p><img decoding=\"async\" class=\"alignnone size-medium wp-image-15151\" src=\"https:\/\/green-cult.com\/wp-content\/uploads\/2023\/09\/tech-3-1-300x85.jpg\" alt=\"\" width=\"300\" height=\"85\" srcset=\"https:\/\/green-cult.com\/wp-content\/uploads\/2023\/09\/tech-3-1-300x85.jpg 300w, https:\/\/green-cult.com\/wp-content\/uploads\/2023\/09\/tech-3-1-18x5.jpg 18w, https:\/\/green-cult.com\/wp-content\/uploads\/2023\/09\/tech-3-1-450x127.jpg 450w, https:\/\/green-cult.com\/wp-content\/uploads\/2023\/09\/tech-3-1.jpg 502w\" sizes=\"(max-width: 300px) 100vw, 300px\" \/><\/p>\n<p>&nbsp;<\/p>\n<p>&nbsp;<\/p>","protected":false},"excerpt":{"rendered":"<p>HydraMax 3-bucket System HydraMax is\u00a0a\u00a0complete deep water culture system.\u00a0\u00a0Nutrients are quickly and evenly delivered to each bucket simultaneously. More Yield, less Water. Whether your plants number from 4-5000, you can rely on The HydraMax difference: HydraMax Commercial Deep Water Culture System consistently produces faster vegging, higher yields, and sustainably grown crops. What does this mean [&hellip;]<\/p>\n","protected":false},"featured_media":14006,"comment_status":"open","ping_status":"closed","template":"","meta":[],"product_cat":[59],"product_tag":[],"class_list":{"0":"post-12536","1":"product","2":"type-product","3":"status-publish","4":"has-post-thumbnail","6":"product_brand-hydramax","7":"product_cat-system-kits","8":"product_shipping_class-standard-parcel","10":"first","11":"instock","12":"taxable","13":"shipping-taxable","14":"purchasable","15":"product-type-simple"},"_links":{"self":[{"href":"https:\/\/green-cult.com\/de\/wp-json\/wp\/v2\/product\/12536","targetHints":{"allow":["GET"]}}],"collection":[{"href":"https:\/\/green-cult.com\/de\/wp-json\/wp\/v2\/product"}],"about":[{"href":"https:\/\/green-cult.com\/de\/wp-json\/wp\/v2\/types\/product"}],"replies":[{"embeddable":true,"href":"https:\/\/green-cult.com\/de\/wp-json\/wp\/v2\/comments?post=12536"}],"version-history":[{"count":2,"href":"https:\/\/green-cult.com\/de\/wp-json\/wp\/v2\/product\/12536\/revisions"}],"predecessor-version":[{"id":17123,"href":"https:\/\/green-cult.com\/de\/wp-json\/wp\/v2\/product\/12536\/revisions\/17123"}],"wp:featuredmedia":[{"embeddable":true,"href":"https:\/\/green-cult.com\/de\/wp-json\/wp\/v2\/media\/14006"}],"wp:attachment":[{"href":"https:\/\/green-cult.com\/de\/wp-json\/wp\/v2\/media?parent=12536"}],"wp:term":[{"taxonomy":"product_cat","embeddable":true,"href":"https:\/\/green-cult.com\/de\/wp-json\/wp\/v2\/product_cat?post=12536"},{"taxonomy":"product_tag","embeddable":true,"href":"https:\/\/green-cult.com\/de\/wp-json\/wp\/v2\/product_tag?post=12536"}],"curies":[{"name":"wp","href":"https:\/\/api.w.org\/{rel}","templated":true}]}}