{"id":11833,"date":"2023-09-04T16:17:25","date_gmt":"2023-09-04T14:17:25","guid":{"rendered":"https:\/\/green-cult.com\/?post_type=product&#038;p=11833"},"modified":"2026-04-29T15:39:54","modified_gmt":"2026-04-29T13:39:54","slug":"hydramax-2-bucket-system","status":"publish","type":"product","link":"https:\/\/green-cult.com\/de\/produkt\/hydramax-2-bucket-system\/","title":{"rendered":"Chiller-Ready HydraMax HOME 2-Beh\u00e4lter System (EU-Version)"},"content":{"rendered":"<p><strong>Dieses rezirkulierende Tiefwasserkultursystem umfasst:<\/strong><\/p>\n<ul>\n<li>Zwei 30,3 Liter Beh\u00e4lter mit F\u00fc\u00dfen<\/li>\n<li>Zwei Deckel mit Inspektions\u00f6ffnung und Abdeckung<\/li>\n<li>Zwei Venturi Zirkulatoren<\/li>\n<li>Qwik-Lok Rohrleitungen und alle erforderlichen Schl\u00e4uche und Anschl\u00fcsse<\/li>\n<li>Eine Hochleistungspumpe Aqua Medic AC Runner 9.2<\/li>\n<li>2 x Root Halo Pflanzenhalter<\/li>\n<\/ul>\n<p><strong>Professionelle Leistung, pers\u00f6nlicher Anspruch<\/strong><br \/>\nLass dich von der Gr\u00f6\u00dfe nicht t\u00e4uschen - das HydraMax Home 2-Beh\u00e4lter System hat es in sich, wenn es um Leistung geht. Diese kompakte Version ist von unseren renommierten professionellen Systemen inspiriert und verf\u00fcgt \u00fcber dieselbe fortschrittliche Hydroponik-Technologie, die eine optimale N\u00e4hrstoffverteilung, eine kr\u00e4ftige Wurzelentwicklung und ein beeindruckendes Pflanzenwachstum gew\u00e4hrleistet.<\/p>\n<p><strong>Mit Zuversicht kultivieren<\/strong><br \/>\nEgal, ob du ein Anf\u00e4nger oder ein erfahrener Experte bist, dieses System ist darauf zugeschnitten, deine Anbauerfahrung zu verbessern. Die einfache Einrichtung und das benutzerfreundliche Design sorgen daf\u00fcr, dass du deine hydroponische Reise ohne Probleme antreten kannst. Es ist der perfekte Einstieg f\u00fcr alle, die die Welt der Hydroponik bequem von zu Hause aus erkunden m\u00f6chten. Dieses System wurde sorgf\u00e4ltig entwickelt, um eine optimale Wasser- und N\u00e4hrstoffverteilung zu gew\u00e4hrleisten und so ein schnelles Wachstum und robuste Ertr\u00e4ge zu f\u00f6rdern. HydraMax bietet eine sauberere Wachstumsumgebung, geringeren Arbeits- und Wartungsaufwand sowie die M\u00f6glichkeit der Reinigung an Ort und Stelle. Unsere patentierten Leitungen mit Qwik-Lok sorgen f\u00fcr eine extrem einfache Installation und Zuverl\u00e4ssigkeit.<\/p>\n<p><strong>Platzsparendes Design<\/strong><br \/>\nWir wissen, wie wichtig Platz ist, vor allem, wenn es um Anwendungen in den eigenen vier W\u00e4nden geht. Das HydraMax Home 2-Beh\u00e4lter System ist so konzipiert, dass es sich nahtlos in deinem Wohnbereich, deine Wohnung oder dein B\u00fcro einf\u00fcgt. Hol dir die Zufriedenheit des Anbauens ins Haus, ohne Kompromisse bei der Qualit\u00e4t oder Effizienz einzugehen.<\/p>\n<p><strong>Dein pers\u00f6nliches hydroponisches Paradies<\/strong><br \/>\nErlebe die Freude an der Pflege von Pflanzen und beobachte ihr Wachstum aus n\u00e4chster N\u00e4he. Dieses System ist nicht nur ein Kultivierungswerkzeug; es ist eine Verbindung zur Natur, die deine Umgebung und deine Lebensqualit\u00e4t verbessert. Egal, ob du Kr\u00e4uter, Cannabis, Nutz- oder sogar kleine bl\u00fchende Pflanzen anbaust, das HydraMax Home 2-Beh\u00e4lter System ist dein Schl\u00fcssel zur Kultivierung eines bl\u00fchenden Indoor-Gartens. Unsere patentierten Umw\u00e4lzpumpen sorgen f\u00fcr die perfekte Mischung aus Luft- und Wasserzirkulation, damit deine Pflanzen gut gedeihen - sie erm\u00f6glichen au\u00dferdem eine hocheffiziente N\u00e4hrstoffaufnahme, um das Pflanzenwachstum zu maximieren.<\/p>\n<p><strong>HydraMax Qualit\u00e4t, Komfort f\u00fcr Zuhause<\/strong><br \/>\nBei HydraMax haben wir uns verpflichtet, hervorragende hydroponische Innovationen zu liefern. Das HydraMax Home System ist ein Beweis f\u00fcr unser Engagement, die Vorteile der Hydroponik in jedes Haus zu bringen, unabh\u00e4ngig von der Gr\u00f6\u00dfe. Entdecke die perfekte Harmonie zwischen professionellen Ergebnissen und der Atmosph\u00e4re des Heimanbaus.<\/p>\n<p><strong>Chiller-Ready<\/strong><br \/>\nDie EU Version der 1 &amp; 2 Beh\u00e4lter Systeme sind \"Chiller-Ready\" Der Durchlaufk\u00fchler wird einfach in die 3\/8\" Zuleitung zum Venturi Zirkulator integriert. Sollten Sie ihren Durchlaufk\u00fchler au\u00dferhalb Ihrer Grow Box stellen m\u00f6chten ist dies durch die Bestellung von Extra Schlauch (Art.Nr. HA-150) jederzeit m\u00f6glich.<\/p>\n<p>&nbsp;<\/p>\n<p>Ma\u00dfe (B x L x H): 53,3 x 83,8 x 46cm<\/p>\n<p><img decoding=\"async\" class=\"alignnone size-medium wp-image-15150\" src=\"https:\/\/green-cult.com\/wp-content\/uploads\/2023\/09\/tech-2-2-300x219.jpg\" alt=\"\" width=\"300\" height=\"219\" srcset=\"https:\/\/green-cult.com\/wp-content\/uploads\/2023\/09\/tech-2-2-300x219.jpg 300w, https:\/\/green-cult.com\/wp-content\/uploads\/2023\/09\/tech-2-2-16x12.jpg 16w, https:\/\/green-cult.com\/wp-content\/uploads\/2023\/09\/tech-2-2.jpg 423w\" sizes=\"(max-width: 300px) 100vw, 300px\" \/><\/p>","protected":false},"excerpt":{"rendered":"<p>Hochleistungspumpe inklusive!<\/p>","protected":false},"featured_media":13048,"comment_status":"open","ping_status":"closed","template":"","meta":[],"product_cat":[116],"product_tag":[117],"class_list":{"0":"post-11833","1":"product","2":"type-product","3":"status-publish","4":"has-post-thumbnail","6":"product_brand-hydramax","7":"product_cat-home-systems","8":"product_tag-home-system","9":"product_shipping_class-standard-parcel","11":"first","12":"instock","13":"taxable","14":"shipping-taxable","15":"purchasable","16":"product-type-simple"},"_links":{"self":[{"href":"https:\/\/green-cult.com\/de\/wp-json\/wp\/v2\/product\/11833","targetHints":{"allow":["GET"]}}],"collection":[{"href":"https:\/\/green-cult.com\/de\/wp-json\/wp\/v2\/product"}],"about":[{"href":"https:\/\/green-cult.com\/de\/wp-json\/wp\/v2\/types\/product"}],"replies":[{"embeddable":true,"href":"https:\/\/green-cult.com\/de\/wp-json\/wp\/v2\/comments?post=11833"}],"version-history":[{"count":4,"href":"https:\/\/green-cult.com\/de\/wp-json\/wp\/v2\/product\/11833\/revisions"}],"predecessor-version":[{"id":17425,"href":"https:\/\/green-cult.com\/de\/wp-json\/wp\/v2\/product\/11833\/revisions\/17425"}],"wp:featuredmedia":[{"embeddable":true,"href":"https:\/\/green-cult.com\/de\/wp-json\/wp\/v2\/media\/13048"}],"wp:attachment":[{"href":"https:\/\/green-cult.com\/de\/wp-json\/wp\/v2\/media?parent=11833"}],"wp:term":[{"taxonomy":"product_cat","embeddable":true,"href":"https:\/\/green-cult.com\/de\/wp-json\/wp\/v2\/product_cat?post=11833"},{"taxonomy":"product_tag","embeddable":true,"href":"https:\/\/green-cult.com\/de\/wp-json\/wp\/v2\/product_tag?post=11833"}],"curies":[{"name":"wp","href":"https:\/\/api.w.org\/{rel}","templated":true}]}}